{"id":490,"date":"2024-08-21T16:30:32","date_gmt":"2024-08-21T19:30:32","guid":{"rendered":"https:\/\/bq85afa88.com.br\/?page_id=490"},"modified":"2025-05-05T14:16:12","modified_gmt":"2025-05-05T17:16:12","slug":"proximo-encontro-40-anos","status":"publish","type":"page","link":"https:\/\/bq85afa88.com.br\/index.php\/proximo-encontro-40-anos\/","title":{"rendered":"Encontro: &#8220;40 ANOS &#8211; BQ 2025&#8221;"},"content":{"rendered":"<p>Ol\u00e1 pessoal!<\/p>\n<p><strong>Vivemos uma grande festa de 40 anos, em Barbacena!<\/strong><\/p>\n<p>Foi o encontro dos sentimentos e das emo\u00e7\u00f5es.<\/p>\n<p>Montamos uma \u00e1rea de acervo para salvar as imagens e os coment\u00e1rios deste evento. N\u00e3o deixe de visitar!<\/p>\n<p>\u00c9 preciso estar registrado como assinante do site para poder ter acesso ao material.<\/p>\n<p>Se voc\u00ea j\u00e1 tem o login e senha, d\u00e1 uma olhadinha&#8230;<\/p>\n<p>Se ainda n\u00e3o est\u00e1 com o acesso liberado, fa\u00e7a sua inscri\u00e7\u00e3o!<\/p>\n\n\n<div class=\"wp-block-columns is-layout-flex wp-container-core-columns-is-layout-9d6595d7 wp-block-columns-is-layout-flex\">\n<div class=\"wp-block-column is-layout-flow wp-block-column-is-layout-flow\" style=\"flex-basis:15%\">\n<div class=\"wp-block-group\"><div class=\"wp-block-group__inner-container is-layout-constrained wp-block-group-is-layout-constrained\"><div class=\"wp-block-image\">\n<figure class=\"alignleft size-large is-resized\"><img loading=\"lazy\" decoding=\"async\" width=\"819\" height=\"1024\" src=\"https:\/\/bq85afa88.com.br\/wp-content\/uploads\/2023\/10\/mascote-abacate_esperto-819x1024.png\" alt=\"\" class=\"wp-image-117\" style=\"width:150px;height:auto\"\/><\/figure><\/div><\/div><\/div>\n<\/div>\n\n\n\n<div class=\"wp-block-column is-vertically-aligned-center is-layout-flow wp-block-column-is-layout-flow\" style=\"flex-basis:50%\">\n<h2 class=\"wp-block-heading\">Abra\u00e7os Fraternos do Abacate!<\/h2>\n<\/div>\n<\/div>\n\n\n\n<p><\/p>\n","protected":false},"excerpt":{"rendered":"<p>Ol\u00e1 pessoal! Vivemos uma grande festa de 40 anos, em Barbacena! Foi o encontro dos sentimentos e das emo\u00e7\u00f5es. Montamos uma \u00e1rea de acervo para salvar as imagens e os coment\u00e1rios deste evento. N\u00e3o deixe de visitar! \u00c9 preciso estar<\/p>\n","protected":false},"author":1,"featured_media":0,"parent":0,"menu_order":0,"comment_status":"closed","ping_status":"closed","template":"","meta":{"_starter_page_template":"","_wpcom_template_layout_category":[],"footnotes":""},"class_list":["post-490","page","type-page","status-publish","hentry"],"_links":{"self":[{"href":"https:\/\/bq85afa88.com.br\/index.php\/wp-json\/wp\/v2\/pages\/490","targetHints":{"allow":["GET"]}}],"collection":[{"href":"https:\/\/bq85afa88.com.br\/index.php\/wp-json\/wp\/v2\/pages"}],"about":[{"href":"https:\/\/bq85afa88.com.br\/index.php\/wp-json\/wp\/v2\/types\/page"}],"author":[{"embeddable":true,"href":"https:\/\/bq85afa88.com.br\/index.php\/wp-json\/wp\/v2\/users\/1"}],"replies":[{"embeddable":true,"href":"https:\/\/bq85afa88.com.br\/index.php\/wp-json\/wp\/v2\/comments?post=490"}],"version-history":[{"count":74,"href":"https:\/\/bq85afa88.com.br\/index.php\/wp-json\/wp\/v2\/pages\/490\/revisions"}],"predecessor-version":[{"id":1040,"href":"https:\/\/bq85afa88.com.br\/index.php\/wp-json\/wp\/v2\/pages\/490\/revisions\/1040"}],"wp:attachment":[{"href":"https:\/\/bq85afa88.com.br\/index.php\/wp-json\/wp\/v2\/media?parent=490"}],"curies":[{"name":"wp","href":"https:\/\/api.w.org\/{rel}","templated":true}]}}