{"id":403,"date":"2023-10-31T17:27:30","date_gmt":"2023-10-31T20:27:30","guid":{"rendered":"https:\/\/bq85afa88.com.br\/?page_id=403"},"modified":"2025-03-22T08:19:50","modified_gmt":"2025-03-22T11:19:50","slug":"85-apenas-o-comeco","status":"publish","type":"page","link":"https:\/\/bq85afa88.com.br\/index.php\/85-apenas-o-comeco\/","title":{"rendered":"&#8220;85: Apenas o Come\u00e7o&#8221; &#8211; O Filme"},"content":{"rendered":"\n<p>As experi\u00eancias que vivemos nos levaram, de certa forma, para onde estamos hoje. Compartilhar nossa hist\u00f3ria poder\u00e1 influenciar pessoas, e at\u00e9 gera\u00e7\u00f5es inteiras, na forma de encarar desafios e, principalmente, converter oportunidades em resultados para si.<\/p>\n\n\n\n<p>A adolesc\u00eancia da nossa Turma foi repleta de experi\u00eancias interessantes e que nos ensinaram muito! Essa hist\u00f3ria merece ser difundida da melhor forma poss\u00edvel e, quando se trata de cont\u00e1-la, o &#8220;como&#8221; \u00e9 um fator decisivo para que se torne atrativa e emocionante.<\/p>\n\n\n\n<p>Nessa atmosfera surgiu o desafio de registrar esses momentos t\u00e3o significativos para a Turma 85, de forma que possam atrair, cativar e sensibilizar sua audi\u00eancia, atrav\u00e9s de um filme, com linguagem acess\u00edvel ao p\u00fablico.<\/p>\n\n\n\n<p>Esse projeto tem espa\u00e7o para voc\u00ea!<br>Quer saber mais? Entre em contato conosco.<br><\/p>\n\n\n\n<p>Em breve teremos mais informa\u00e7\u00f5es nesse espa\u00e7o.<\/p>\n","protected":false},"excerpt":{"rendered":"<p>As experi\u00eancias que vivemos nos levaram, de certa forma, para onde estamos hoje. Compartilhar nossa hist\u00f3ria poder\u00e1 influenciar pessoas, e at\u00e9 gera\u00e7\u00f5es inteiras, na forma de encarar desafios e, principalmente, converter oportunidades em resultados para si. A adolesc\u00eancia da nossa<\/p>\n","protected":false},"author":1,"featured_media":0,"parent":0,"menu_order":0,"comment_status":"closed","ping_status":"closed","template":"","meta":{"_starter_page_template":"","_wpcom_template_layout_category":[],"footnotes":""},"class_list":["post-403","page","type-page","status-publish","hentry"],"_links":{"self":[{"href":"https:\/\/bq85afa88.com.br\/index.php\/wp-json\/wp\/v2\/pages\/403","targetHints":{"allow":["GET"]}}],"collection":[{"href":"https:\/\/bq85afa88.com.br\/index.php\/wp-json\/wp\/v2\/pages"}],"about":[{"href":"https:\/\/bq85afa88.com.br\/index.php\/wp-json\/wp\/v2\/types\/page"}],"author":[{"embeddable":true,"href":"https:\/\/bq85afa88.com.br\/index.php\/wp-json\/wp\/v2\/users\/1"}],"replies":[{"embeddable":true,"href":"https:\/\/bq85afa88.com.br\/index.php\/wp-json\/wp\/v2\/comments?post=403"}],"version-history":[{"count":12,"href":"https:\/\/bq85afa88.com.br\/index.php\/wp-json\/wp\/v2\/pages\/403\/revisions"}],"predecessor-version":[{"id":622,"href":"https:\/\/bq85afa88.com.br\/index.php\/wp-json\/wp\/v2\/pages\/403\/revisions\/622"}],"wp:attachment":[{"href":"https:\/\/bq85afa88.com.br\/index.php\/wp-json\/wp\/v2\/media?parent=403"}],"curies":[{"name":"wp","href":"https:\/\/api.w.org\/{rel}","templated":true}]}}