{"id":16,"date":"2023-10-19T05:11:15","date_gmt":"2023-10-19T08:11:15","guid":{"rendered":"https:\/\/bq85afa88.com.br\/?page_id=16"},"modified":"2025-03-22T08:16:13","modified_gmt":"2025-03-22T11:16:13","slug":"quem-somos","status":"publish","type":"page","link":"https:\/\/bq85afa88.com.br\/index.php\/quem-somos\/","title":{"rendered":"Quem Somos"},"content":{"rendered":"\n<p>Um \u201cpunhado de amigos a vibrar, a vibrar de emo\u00e7\u00e3o\u201d \u00e9 como a can\u00e7\u00e3o Bandeirantes do Ar descreve os integrantes de uma esquadrilha de voo.<\/p>\n\n\n\n<p>Sim, somos um punhado de grandes amigos desde fevereiro de 1985, quando ingressamos na Escola Preparat\u00f3ria de Cadetes do Ar &#8211; EPCAR, institui\u00e7\u00e3o de Ensino M\u00e9dio da Aeron\u00e1utica, localizada na cidade mineira de Barbacena.<\/p>\n\n\n\n<p>\u00c9ramos pouco mais de trezentos jovens, muitos ainda imberbes, que deixavam o conforto de seus lares em busca de um ideal.<\/p>\n\n\n\n<p>Em 1988, muitos de n\u00f3s seguimos para a Academia da For\u00e7a A\u00e9rea &#8211; AFA, em Pirassununga\/SP, onde acolhemos novos amigos, carinhosamente chamados de PQDs (pequed\u00eas), e demos prosseguimento ao nosso ide\u00e1rio.<\/p>\n\n\n\n<p>Nessa trajet\u00f3ria muita, muita coisa aconteceu. Ali\u00e1s, tem acontecido.<br>E \u00e9 essa hist\u00f3ria que desejamos compartilhar com voc\u00ea: a Hist\u00f3ria da Turma BQ85 e AFA88.<\/p>\n\n\n\n<br>\n<p>Sai de Baixo! Rapina!<\/p><\/p>\n\n\n\n<p class=\"has-text-align-right\"><em>Delduque (Aluno 85\/234 \u2013 Cadete 88\/047)<\/em><\/p>\n","protected":false},"excerpt":{"rendered":"<p>Um \u201cpunhado de amigos a vibrar, a vibrar de emo\u00e7\u00e3o\u201d \u00e9 como a can\u00e7\u00e3o Bandeirantes do Ar descreve os integrantes de uma esquadrilha de voo. Sim, somos um punhado de grandes amigos desde fevereiro de 1985, quando ingressamos na Escola<\/p>\n","protected":false},"author":1,"featured_media":0,"parent":0,"menu_order":0,"comment_status":"closed","ping_status":"closed","template":"","meta":{"_starter_page_template":"","_wpcom_template_layout_category":[],"footnotes":""},"class_list":["post-16","page","type-page","status-publish","hentry"],"_links":{"self":[{"href":"https:\/\/bq85afa88.com.br\/index.php\/wp-json\/wp\/v2\/pages\/16","targetHints":{"allow":["GET"]}}],"collection":[{"href":"https:\/\/bq85afa88.com.br\/index.php\/wp-json\/wp\/v2\/pages"}],"about":[{"href":"https:\/\/bq85afa88.com.br\/index.php\/wp-json\/wp\/v2\/types\/page"}],"author":[{"embeddable":true,"href":"https:\/\/bq85afa88.com.br\/index.php\/wp-json\/wp\/v2\/users\/1"}],"replies":[{"embeddable":true,"href":"https:\/\/bq85afa88.com.br\/index.php\/wp-json\/wp\/v2\/comments?post=16"}],"version-history":[{"count":11,"href":"https:\/\/bq85afa88.com.br\/index.php\/wp-json\/wp\/v2\/pages\/16\/revisions"}],"predecessor-version":[{"id":620,"href":"https:\/\/bq85afa88.com.br\/index.php\/wp-json\/wp\/v2\/pages\/16\/revisions\/620"}],"wp:attachment":[{"href":"https:\/\/bq85afa88.com.br\/index.php\/wp-json\/wp\/v2\/media?parent=16"}],"curies":[{"name":"wp","href":"https:\/\/api.w.org\/{rel}","templated":true}]}}